{"id":90,"date":"2015-04-13T19:20:54","date_gmt":"2015-04-13T19:20:54","guid":{"rendered":"http:\/\/herbertg.com.br\/?page_id=90"},"modified":"2023-09-23T13:29:39","modified_gmt":"2023-09-23T13:29:39","slug":"produtos-que-transportamos","status":"publish","type":"page","link":"https:\/\/herbertg.com.br\/?page_id=90","title":{"rendered":"Produtos que Transportamos"},"content":{"rendered":"<p><span style=\"color: #000000;\">A\u00a0<b>parafina<\/b>\u00a0\u00e9 um derivado do\u00a0<a style=\"color: #000000;\" title=\"Petr\u00f3leo\" href=\"http:\/\/pt.wikipedia.org\/wiki\/Petr%C3%B3leo\">petr\u00f3leo<\/a>\u00a0descoberto por\u00a0<a style=\"color: #000000;\" title=\"Carl Reichenbach\" href=\"http:\/\/pt.wikipedia.org\/wiki\/Carl_Reichenbach\">Carl Reichenbach<\/a>. Conhecida por sua alta pureza, excelente brilho e odor reduzido, tamb\u00e9m pode ser usada como\u00a0<a style=\"color: #000000;\" title=\"Combust\u00edvel\" href=\"http:\/\/pt.wikipedia.org\/wiki\/Combust%C3%ADvel\">combust\u00edvel<\/a>. Possui propriedades\u00a0<a style=\"color: #000000;\" title=\"Termopl\u00e1stico\" href=\"http:\/\/pt.wikipedia.org\/wiki\/Termopl%C3%A1stico\">termopl\u00e1sticas<\/a>\u00a0e de repel\u00eancia \u00e0\u00a0<a style=\"color: #000000;\" title=\"\u00c1gua\" href=\"http:\/\/pt.wikipedia.org\/wiki\/%C3%81gua\">\u00e1gua<\/a>\u00a0e \u00e9 usada amplamente para a prote\u00e7\u00e3o de diversas aplica\u00e7\u00f5es, como em embalagens de\u00a0<a style=\"color: #000000;\" title=\"Papel\u00e3o\" href=\"http:\/\/pt.wikipedia.org\/wiki\/Papel%C3%A3o\">papel\u00e3o<\/a>\u00a0para a\u00a0<a style=\"color: #000000;\" title=\"Ind\u00fastria aliment\u00edcia\" href=\"http:\/\/pt.wikipedia.org\/wiki\/Ind%C3%BAstria_aliment%C3%ADcia\">ind\u00fastria aliment\u00edcia<\/a>\u00a0e revestimento de\u00a0<a style=\"color: #000000;\" title=\"Queijo\" href=\"http:\/\/pt.wikipedia.org\/wiki\/Queijo\">queijos<\/a>\u00a0e\u00a0<a style=\"color: #000000;\" title=\"Fruta\" href=\"http:\/\/pt.wikipedia.org\/wiki\/Fruta\">frutas<\/a>. Por sua propriedades de combust\u00edvel, \u00e9 a\u00a0<a style=\"color: #000000;\" title=\"Mat\u00e9ria prima\" href=\"http:\/\/pt.wikipedia.org\/wiki\/Mat%C3%A9ria_prima\">mat\u00e9ria prima<\/a>\u00a0essencial na fabrica\u00e7\u00e3o de\u00a0<a style=\"color: #000000;\" title=\"Vela (ilumina\u00e7\u00e3o)\" href=\"http:\/\/pt.wikipedia.org\/wiki\/Vela_(ilumina%C3%A7%C3%A3o)\">velas<\/a>. Outras aplica\u00e7\u00f5es comuns \u00e0 parafina incluem\u00a0<a style=\"color: #000000;\" title=\"Cosm\u00e9ticos\" href=\"http:\/\/pt.wikipedia.org\/wiki\/Cosm%C3%A9ticos\">cosm\u00e9ticos<\/a>,\u00a0<a style=\"color: #000000;\" title=\"Giz\" href=\"http:\/\/pt.wikipedia.org\/wiki\/Giz\">giz<\/a>\u00a0de\u00a0<a style=\"color: #000000;\" title=\"Cera\" href=\"http:\/\/pt.wikipedia.org\/wiki\/Cera\">cera<\/a>, adesivos termofus\u00edveis (hot melt),\u00a0<a style=\"color: #000000;\" title=\"Papel carbono\" href=\"http:\/\/pt.wikipedia.org\/wiki\/Papel_carbono\">papel carbono<\/a>,<a style=\"color: #000000;\" title=\"Tinta\" href=\"http:\/\/pt.wikipedia.org\/wiki\/Tinta\">tintas<\/a>,\u00a0<a style=\"color: #000000;\" title=\"Pintura\" href=\"http:\/\/pt.wikipedia.org\/wiki\/Pintura\">pinturas<\/a>\u00a0etc.<\/span><\/p>\n<p><em>Somos especializados em transportes de produtos qu\u00edmicos e materiais sens\u00edveis.<br \/>\nNossa frota conta com grande diversidade de caminh\u00f5es: Truck Granel, Truck Ba\u00fa, Carreta Trucada Ba\u00fa, Bitruck Granel.<\/em><\/p>\n<p style=\"text-align: left;\"><strong>Transportamos:<\/strong><\/p>\n<ul>\n<li>Produtos especiais l\u00edquidos aquecidos<\/li>\n<li>Ceras paraf\u00ednicas<\/li>\n<li>\u00d3leos b\u00e1sicos brancos<\/li>\n<li>Cargas secas diversas<\/li>\n<li>Todos os tipos de parafina, Macro, Mole e Micro<\/li>\n<li>\u00d3leos Paraf\u00ednicos ( Neutro Leve, Bright Stock, Cilindro 1)<\/li>\n<li>Cera aquecida ( Terotex e Sacnidiflex )<\/li>\n<li>Outros produtos n\u00e3o classificados<\/li>\n<\/ul>\n<blockquote><p>&#8220;Contamos com Seguro de Carga, Rastreadores, Motoristas Treinados e Seguro de Caminh\u00f5es&#8221;<\/p><\/blockquote>\n<p><strong>Especifica\u00e7\u00f5es T\u00e9cnicas de alguns produtos:<\/strong><\/p>\n<p><a title=\"Parafina Macro\" href=\"https:\/\/herbertg.com.br\/parMacro.html\" target=\"_blank\" rel=\"noopener noreferrer\">Parafina Macro<br \/>\n<\/a><a title=\"Parafina Mole\" href=\"https:\/\/herbertg.com.br\/parMole.html\" target=\"_blank\" rel=\"noopener noreferrer\">Parafina Mole<br \/>\n<\/a><a title=\"Parafina Micro\" href=\"https:\/\/herbertg.com.br\/parMicro.html\" target=\"_blank\" rel=\"noopener noreferrer\">Parafina Micro<br \/>\n<\/a><a title=\"Neutroleve\" href=\"https:\/\/herbertg.com.br\/Neutroleve.html\" target=\"_blank\" rel=\"noopener noreferrer\">Neutroleve<\/a><\/p>\n","protected":false},"excerpt":{"rendered":"<p>A\u00a0parafina\u00a0\u00e9 um derivado do\u00a0petr\u00f3leo\u00a0descoberto por\u00a0Carl Reichenbach. Conhecida por sua alta pureza, excelente brilho e odor reduzido, tamb\u00e9m pode ser usada como\u00a0combust\u00edvel. Possui propriedades\u00a0termopl\u00e1sticas\u00a0e de repel\u00eancia \u00e0\u00a0\u00e1gua\u00a0e \u00e9 usada amplamente para a prote\u00e7\u00e3o de diversas aplica\u00e7\u00f5es, como em embalagens de\u00a0papel\u00e3o\u00a0para a\u00a0ind\u00fastria aliment\u00edcia\u00a0e revestimento de\u00a0queijos\u00a0e\u00a0frutas. Por sua propriedades de combust\u00edvel, \u00e9 a\u00a0mat\u00e9ria prima\u00a0essencial na fabrica\u00e7\u00e3o de\u00a0velas. Outras &hellip; <a href=\"https:\/\/herbertg.com.br\/?page_id=90\" class=\"more-link\">Continue lendo <span class=\"screen-reader-text\">Produtos que Transportamos<\/span> <span class=\"meta-nav\">&rarr;<\/span><\/a><\/p>\n","protected":false},"author":1,"featured_media":0,"parent":0,"menu_order":0,"comment_status":"closed","ping_status":"closed","template":"","meta":{"footnotes":""},"_links":{"self":[{"href":"https:\/\/herbertg.com.br\/index.php?rest_route=\/wp\/v2\/pages\/90"}],"collection":[{"href":"https:\/\/herbertg.com.br\/index.php?rest_route=\/wp\/v2\/pages"}],"about":[{"href":"https:\/\/herbertg.com.br\/index.php?rest_route=\/wp\/v2\/types\/page"}],"author":[{"embeddable":true,"href":"https:\/\/herbertg.com.br\/index.php?rest_route=\/wp\/v2\/users\/1"}],"replies":[{"embeddable":true,"href":"https:\/\/herbertg.com.br\/index.php?rest_route=%2Fwp%2Fv2%2Fcomments&post=90"}],"version-history":[{"count":21,"href":"https:\/\/herbertg.com.br\/index.php?rest_route=\/wp\/v2\/pages\/90\/revisions"}],"predecessor-version":[{"id":248,"href":"https:\/\/herbertg.com.br\/index.php?rest_route=\/wp\/v2\/pages\/90\/revisions\/248"}],"wp:attachment":[{"href":"https:\/\/herbertg.com.br\/index.php?rest_route=%2Fwp%2Fv2%2Fmedia&parent=90"}],"curies":[{"name":"wp","href":"https:\/\/api.w.org\/{rel}","templated":true}]}}