{"id":76,"date":"2015-04-09T21:01:34","date_gmt":"2015-04-09T21:01:34","guid":{"rendered":"http:\/\/herbertg.com.br\/?page_id=76"},"modified":"2019-12-05T14:29:19","modified_gmt":"2019-12-05T14:29:19","slug":"nossa-frota","status":"publish","type":"page","link":"https:\/\/herbertg.com.br\/?page_id=76","title":{"rendered":"Nossa Frota"},"content":{"rendered":"<div style=\"width: 604px;\" class=\"wp-video\"><!--[if lt IE 9]><script>document.createElement('video');<\/script><![endif]-->\n<video class=\"wp-video-shortcode\" id=\"video-76-1\" width=\"604\" height=\"332\" autoplay=\"1\" preload=\"auto\" controls=\"controls\"><source type=\"video\/mp4\" src=\"https:\/\/herbertg.com.br\/wp-content\/uploads\/2015\/04\/video1.mp4?_=1\" \/><a href=\"https:\/\/herbertg.com.br\/wp-content\/uploads\/2015\/04\/video1.mp4\">https:\/\/herbertg.com.br\/wp-content\/uploads\/2015\/04\/video1.mp4<\/a><\/video><\/div>\n<p>&nbsp;<\/p>\n<p>Utilizamos Tanques e Ba\u00fas \/ Vuc, todos equipados com rastreadores, seguro total dos caminh\u00f5es e seguro de carga (acidentes e &nbsp;roubos).<\/p>\n<p>Nossa frota \u00e9 composta por:<\/p>\n<ul>\n<li>Trucks tanque<\/li>\n<li>Trucks ba\u00fa<\/li>\n<li>Carretas tanque<\/li>\n<\/ul>\n<h5>Nossos tanques s\u00e3o da<\/h5>\n<p><img loading=\"lazy\" decoding=\"async\" class=\"alignnone wp-image-141 size-medium\" src=\"https:\/\/herbertg.com.br\/wp-content\/uploads\/2015\/04\/tanesfil-300x79.png\" alt=\"tanesfil\" width=\"300\" height=\"79\" srcset=\"https:\/\/herbertg.com.br\/wp-content\/uploads\/2015\/04\/tanesfil-300x79.png 300w, https:\/\/herbertg.com.br\/wp-content\/uploads\/2015\/04\/tanesfil.png 340w\" sizes=\"(max-width: 300px) 100vw, 300px\" \/><\/p>\n<p><img loading=\"lazy\" decoding=\"async\" class=\"alignnone wp-image-145 size-medium\" src=\"https:\/\/herbertg.com.br\/wp-content\/uploads\/2015\/04\/tanque-300x200.jpg\" alt=\"tanque\" width=\"300\" height=\"200\" srcset=\"https:\/\/herbertg.com.br\/wp-content\/uploads\/2015\/04\/tanque-300x200.jpg 300w, https:\/\/herbertg.com.br\/wp-content\/uploads\/2015\/04\/tanque.jpg 640w\" sizes=\"(max-width: 300px) 100vw, 300px\" \/><\/p>\n<h5>Carreta em A\u00e7o Carbono (25 tons.)<\/h5>\n<h5><img loading=\"lazy\" decoding=\"async\" class=\"alignnone wp-image-186 size-large\" src=\"https:\/\/herbertg.com.br\/wp-content\/uploads\/2015\/04\/PHOTO-2019-02-01-20-43-15-1024x768.jpg\" alt=\"\" width=\"604\" height=\"453\" srcset=\"https:\/\/herbertg.com.br\/wp-content\/uploads\/2015\/04\/PHOTO-2019-02-01-20-43-15-1024x768.jpg 1024w, https:\/\/herbertg.com.br\/wp-content\/uploads\/2015\/04\/PHOTO-2019-02-01-20-43-15-300x225.jpg 300w, https:\/\/herbertg.com.br\/wp-content\/uploads\/2015\/04\/PHOTO-2019-02-01-20-43-15-768x576.jpg 768w, https:\/\/herbertg.com.br\/wp-content\/uploads\/2015\/04\/PHOTO-2019-02-01-20-43-15.jpg 1032w\" sizes=\"(max-width: 604px) 100vw, 604px\" \/><\/h5>\n<h5>Ba\u00fa<\/h5>\n<h5><a href=\"https:\/\/herbertg.com.br\/wp-content\/uploads\/2015\/04\/foto.jpg\"><img loading=\"lazy\" decoding=\"async\" class=\"alignnone size-large wp-image-135\" src=\"https:\/\/herbertg.com.br\/wp-content\/uploads\/2015\/04\/foto-768x1024.jpg\" alt=\"nossa frota\" width=\"604\" height=\"805\" srcset=\"https:\/\/herbertg.com.br\/wp-content\/uploads\/2015\/04\/foto-768x1024.jpg 768w, https:\/\/herbertg.com.br\/wp-content\/uploads\/2015\/04\/foto-225x300.jpg 225w, https:\/\/herbertg.com.br\/wp-content\/uploads\/2015\/04\/foto.jpg 1200w\" sizes=\"(max-width: 604px) 100vw, 604px\" \/><\/a><\/h5>\n","protected":false},"excerpt":{"rendered":"<p>&nbsp; Utilizamos Tanques e Ba\u00fas \/ Vuc, todos equipados com rastreadores, seguro total dos caminh\u00f5es e seguro de carga (acidentes e &nbsp;roubos). Nossa frota \u00e9 composta por: Trucks tanque Trucks ba\u00fa Carretas tanque Nossos tanques s\u00e3o da Carreta em A\u00e7o Carbono (25 tons.) Ba\u00fa<\/p>\n","protected":false},"author":1,"featured_media":0,"parent":0,"menu_order":1,"comment_status":"closed","ping_status":"closed","template":"","meta":{"footnotes":""},"_links":{"self":[{"href":"https:\/\/herbertg.com.br\/index.php?rest_route=\/wp\/v2\/pages\/76"}],"collection":[{"href":"https:\/\/herbertg.com.br\/index.php?rest_route=\/wp\/v2\/pages"}],"about":[{"href":"https:\/\/herbertg.com.br\/index.php?rest_route=\/wp\/v2\/types\/page"}],"author":[{"embeddable":true,"href":"https:\/\/herbertg.com.br\/index.php?rest_route=\/wp\/v2\/users\/1"}],"replies":[{"embeddable":true,"href":"https:\/\/herbertg.com.br\/index.php?rest_route=%2Fwp%2Fv2%2Fcomments&post=76"}],"version-history":[{"count":29,"href":"https:\/\/herbertg.com.br\/index.php?rest_route=\/wp\/v2\/pages\/76\/revisions"}],"predecessor-version":[{"id":203,"href":"https:\/\/herbertg.com.br\/index.php?rest_route=\/wp\/v2\/pages\/76\/revisions\/203"}],"wp:attachment":[{"href":"https:\/\/herbertg.com.br\/index.php?rest_route=%2Fwp%2Fv2%2Fmedia&parent=76"}],"curies":[{"name":"wp","href":"https:\/\/api.w.org\/{rel}","templated":true}]}}