{"id":13,"date":"2015-03-31T22:32:49","date_gmt":"2015-03-31T22:32:49","guid":{"rendered":"http:\/\/herbertg.com.br\/?page_id=13"},"modified":"2025-05-06T13:47:13","modified_gmt":"2025-05-06T13:47:13","slug":"a-empresa","status":"publish","type":"page","link":"https:\/\/herbertg.com.br\/","title":{"rendered":"A HGGC"},"content":{"rendered":"<p>Fundada em 2003 pelos empres\u00e1rios Herbert Gutschow e Alessandra Gutschow,\u00a0a AHGC Transportadora\u00a0tem como\u00a0principal atividade o transporte de parafinas, \u00f3leos parafinicos, cera aquecida, carga de produtos embalados e outros produtos que requerem cuidados especiais.<\/p>\n<p>Nossa miss\u00e3o \u00e9 a excel\u00eancia\u00a0<em>no atendimento ao cliente, tendo em vista a entrega de produtos de diversas modalidades\u00a0dentro de prazo e or\u00e7amento estabelecidos, sem deixar de respeitar todas as normas de seguran\u00e7a.<\/em><\/p>\n<p>Nossa sede administrativa fica em Santana de Parna\u00edba &#8211; SP, atendemos em toda\u00a0o territ\u00f3rio nacional.<\/p>\n<h2>Conhe\u00e7a nossas diretrizes<\/h2>\n<p>Essas s\u00e3o as diretrizes e os princ\u00edpios que norteiam todos os destinos da AHGC Transportadora, ao longo de sua hist\u00f3ria. S\u00e3o essas cren\u00e7as e valores essenciais que fizeram dela uma empresa respeitada, reconhecida e confi\u00e1veis no segmento de transporte de cargas especiais.<\/p>\n<h4><strong>Neg\u00f3cio<\/strong><\/h4>\n<p>Movimenta\u00e7\u00e3o com intelig\u00eancia.<\/p>\n<h4><strong>Vis\u00e3o<\/strong><\/h4>\n<p>Crescer de forma sustent\u00e1vel garantindo o servi\u00e7o firmado e com atendimento excelente aos nossos clientes.<\/p>\n<h4><strong>Miss\u00e3o<\/strong><\/h4>\n<p>Proporcionar movimenta\u00e7\u00e3o inteligente com efici\u00eancia e efic\u00e1cia dos servi\u00e7os, garantindo as expectativas dos clientes com crescimento sustent\u00e1vel.<\/p>\n<h4>Nossos Valores e Princ\u00edpios<\/h4>\n<p>CREDIBILIDADE: compromisso assumido;<br \/>\nVALORIZA\u00c7\u00c3O: dos clientes, da marca, do capital, das pessoas e das conquistas;<br \/>\nCOMUNICA\u00c7\u00c3O: confi\u00e1vel e objetiva;<br \/>\nEXCEL\u00caNCIA: aperfei\u00e7oamento cont\u00ednuo;<br \/>\nINTEGRA\u00c7\u00c3O: uni\u00e3o e trabalho em equipe.<\/p>\n<h3>Alguns de nossos clientes<\/h3>\n<p><img loading=\"lazy\" decoding=\"async\" class=\" wp-image-213 aligncenter\" src=\"https:\/\/herbertg.com.br\/wp-content\/uploads\/2019\/10\/gquimica_logo.png\" alt=\"\" width=\"361\" height=\"125\" \/><\/p>\n<p><img loading=\"lazy\" decoding=\"async\" class=\"wp-image-224 size-full aligncenter\" src=\"https:\/\/herbertg.com.br\/wp-content\/uploads\/2019\/12\/santa-rpk.jpg\" alt=\"\" width=\"400\" height=\"280\" srcset=\"https:\/\/herbertg.com.br\/wp-content\/uploads\/2019\/12\/santa-rpk.jpg 400w, https:\/\/herbertg.com.br\/wp-content\/uploads\/2019\/12\/santa-rpk-300x210.jpg 300w\" sizes=\"(max-width: 400px) 100vw, 400px\" \/><img loading=\"lazy\" decoding=\"async\" class=\"wp-image-214  aligncenter\" src=\"https:\/\/herbertg.com.br\/wp-content\/uploads\/2019\/10\/Clientes-2.jpg\" alt=\"\" width=\"569\" height=\"433\" srcset=\"https:\/\/herbertg.com.br\/wp-content\/uploads\/2019\/10\/Clientes-2.jpg 900w, https:\/\/herbertg.com.br\/wp-content\/uploads\/2019\/10\/Clientes-2-300x229.jpg 300w, https:\/\/herbertg.com.br\/wp-content\/uploads\/2019\/10\/Clientes-2-768x585.jpg 768w\" sizes=\"(max-width: 569px) 100vw, 569px\" \/><\/p>\n\n<style>\n#short_code_si_icon img \n {width:55px; \n}\n.scid-1 img \n{\nwidth:55px !important; \n}\n<\/style><div id='short_code_si_icon' style='text-align:center;' class='acx_fsmi_float_fix scid-1'><a href='https:\/\/www.facebook.com\/pages\/HG-Herbert-Gutschow-Transportes-Ltda\/501823943189158?ref=ts&fref=ts' target='_blank'  title='Visit Us On Facebook'><img src='https:\/\/herbertg.com.br\/wp-content\/plugins\/floating-social-media-icon\/images\/themes\/16\/facebook.png' style='border:0px;' alt='Visit Us On Facebook' height='55px' width='55px' \/><\/a><a href='https:\/\/www.instagram.com\/ahgc_transportadora_\/?igsh=ZWg2OHU1anUydHEw&utm_source=qr' target='_blank'  title='Visit Us On Instagram'><img src='https:\/\/herbertg.com.br\/wp-content\/plugins\/floating-social-media-icon\/images\/themes\/16\/instagram.png' style='border:0px;' alt='Visit Us On Instagram' height='55px' width='55px' \/><\/a><\/div>\n","protected":false},"excerpt":{"rendered":"<p>Fundada em 2003 pelos empres\u00e1rios Herbert Gutschow e Alessandra Gutschow,\u00a0a AHGC Transportadora\u00a0tem como\u00a0principal atividade o transporte de parafinas, \u00f3leos parafinicos, cera aquecida, carga de produtos embalados e outros produtos que requerem cuidados especiais. Nossa miss\u00e3o \u00e9 a excel\u00eancia\u00a0no atendimento ao cliente, tendo em vista a entrega de produtos de diversas modalidades\u00a0dentro de prazo e or\u00e7amento &hellip; <a href=\"https:\/\/herbertg.com.br\/\" class=\"more-link\">Continue lendo <span class=\"screen-reader-text\">A HGGC<\/span> <span class=\"meta-nav\">&rarr;<\/span><\/a><\/p>\n","protected":false},"author":1,"featured_media":0,"parent":0,"menu_order":0,"comment_status":"closed","ping_status":"closed","template":"","meta":{"footnotes":""},"_links":{"self":[{"href":"https:\/\/herbertg.com.br\/index.php?rest_route=\/wp\/v2\/pages\/13"}],"collection":[{"href":"https:\/\/herbertg.com.br\/index.php?rest_route=\/wp\/v2\/pages"}],"about":[{"href":"https:\/\/herbertg.com.br\/index.php?rest_route=\/wp\/v2\/types\/page"}],"author":[{"embeddable":true,"href":"https:\/\/herbertg.com.br\/index.php?rest_route=\/wp\/v2\/users\/1"}],"replies":[{"embeddable":true,"href":"https:\/\/herbertg.com.br\/index.php?rest_route=%2Fwp%2Fv2%2Fcomments&post=13"}],"version-history":[{"count":46,"href":"https:\/\/herbertg.com.br\/index.php?rest_route=\/wp\/v2\/pages\/13\/revisions"}],"predecessor-version":[{"id":257,"href":"https:\/\/herbertg.com.br\/index.php?rest_route=\/wp\/v2\/pages\/13\/revisions\/257"}],"wp:attachment":[{"href":"https:\/\/herbertg.com.br\/index.php?rest_route=%2Fwp%2Fv2%2Fmedia&parent=13"}],"curies":[{"name":"wp","href":"https:\/\/api.w.org\/{rel}","templated":true}]}}